{"id":1030,"date":"2017-02-23T10:57:32","date_gmt":"2017-02-23T09:57:32","guid":{"rendered":"https:\/\/www.d-maiparis.com\/?page_id=1030\/"},"modified":"2021-01-07T16:31:32","modified_gmt":"2021-01-07T15:31:32","slug":"d-mai-school-of-makeup","status":"publish","type":"page","link":"https:\/\/www.d-maiparis.com\/en\/d-mai-school-of-makeup\/","title":{"rendered":"D-mai, school of makeup &#8211; D-mai, \u00e9cole de maquillage"},"content":{"rendered":"[vc_row type=&#8221;in_container&#8221; full_screen_row_position=&#8221;middle&#8221; bg_image=&#8221;2111&#8243; bg_position=&#8221;left top&#8221; bg_repeat=&#8221;no-repeat&#8221; scene_position=&#8221;center&#8221; text_color=&#8221;dark&#8221; text_align=&#8221;left&#8221; overlay_strength=&#8221;0.3&#8243;][vc_column column_padding=&#8221;no-extra-padding&#8221; column_padding_position=&#8221;top&#8221; background_color_opacity=&#8221;1&#8243; background_hover_color_opacity=&#8221;1&#8243; width=&#8221;1\/1&#8243; tablet_text_alignment=&#8221;default&#8221; phone_text_alignment=&#8221;default&#8221;][vc_column_text css=&#8221;.vc_custom_1596514101924{padding-top: 340px !important;}&#8221;][\/vc_column_text][\/vc_column][\/vc_row][vc_row type=&#8221;in_container&#8221; full_screen_row_position=&#8221;middle&#8221; scene_position=&#8221;center&#8221; text_color=&#8221;dark&#8221; text_align=&#8221;left&#8221; overlay_strength=&#8221;0.3&#8243;][vc_column column_padding=&#8221;no-extra-padding&#8221; column_padding_position=&#8221;top&#8221; background_color_opacity=&#8221;1&#8243; background_hover_color_opacity=&#8221;1&#8243; width=&#8221;1\/1&#8243; tablet_text_alignment=&#8221;default&#8221; phone_text_alignment=&#8221;default&#8221;][vc_column_text]\n<h1 id=\"tw-target-text\" class=\"tw-data-text tw-ta tw-text-small\" dir=\"ltr\" data-placeholder=\"Traduction\"><span lang=\"en\">A place of learning, an openness to creativity<\/span><\/h1>\n[\/vc_column_text][\/vc_column][\/vc_row][vc_row type=&#8221;in_container&#8221; full_screen_row_position=&#8221;middle&#8221; scene_position=&#8221;center&#8221; text_color=&#8221;dark&#8221; text_align=&#8221;left&#8221; overlay_strength=&#8221;0.3&#8243;][vc_column column_padding=&#8221;no-extra-padding&#8221; column_padding_position=&#8221;top&#8221; background_color_opacity=&#8221;1&#8243; background_hover_color_opacity=&#8221;1&#8243; width=&#8221;1\/1&#8243; tablet_text_alignment=&#8221;default&#8221; phone_text_alignment=&#8221;default&#8221;][vc_column_text]\n<h2>Based in the 11th district of Paris : cosmopolitan scents of Belleville , trendy nights of Oberkampft, the activity of Republic and, very close by the refreshing Saint Martin Canal and its formers.<\/h2>\n[\/vc_column_text][\/vc_column][\/vc_row][vc_row type=&#8221;in_container&#8221; full_screen_row_position=&#8221;middle&#8221; scene_position=&#8221;center&#8221; text_color=&#8221;dark&#8221; text_align=&#8221;left&#8221; top_padding=&#8221;30&#8243; bottom_padding=&#8221;10&#8243; overlay_strength=&#8221;0.3&#8243;][vc_column column_padding=&#8221;no-extra-padding&#8221; column_padding_position=&#8221;all&#8221; background_color_opacity=&#8221;1&#8243; background_hover_color_opacity=&#8221;1&#8243; width=&#8221;1\/3&#8243; tablet_text_alignment=&#8221;default&#8221; phone_text_alignment=&#8221;default&#8221;][vc_column_text]\n<p style=\"text-align: justify;\">Full of energy and full of charm, the area attracts designers, stylists, photographers and all kinds of artists. It is here that the D-mai make up school settled down, set back in a quiet cul-de sac, facing to the Darvoy street, making the working conditions optimal.<\/p>\n[\/vc_column_text][\/vc_column][vc_column column_padding=&#8221;no-extra-padding&#8221; column_padding_position=&#8221;all&#8221; background_color_opacity=&#8221;1&#8243; background_hover_color_opacity=&#8221;1&#8243; width=&#8221;1\/3&#8243; tablet_text_alignment=&#8221;default&#8221; phone_text_alignment=&#8221;default&#8221;][vc_column_text]\n<p style=\"text-align: justify;\">The layout of the premises was organized to favour at the same time individual concentration and the exchange between students and teachers. The classroom is completely dedicated to the make-up work around removable dressing tables. A library space is integrated into it as well as an internet post for documentary research.<\/p>\n[\/vc_column_text][\/vc_column][vc_column column_padding=&#8221;no-extra-padding&#8221; column_padding_position=&#8221;all&#8221; background_color_opacity=&#8221;1&#8243; background_hover_color_opacity=&#8221;1&#8243; width=&#8221;1\/3&#8243; tablet_text_alignment=&#8221;default&#8221; phone_text_alignment=&#8221;default&#8221;][vc_column_text]\n<p style=\"text-align: justify;\">The D-mai make up school makes every effort to welcome its students in an atmosphere as pleasant as studious.<\/p>\n[\/vc_column_text][\/vc_column][\/vc_row][vc_row type=&#8221;in_container&#8221; full_screen_row_position=&#8221;middle&#8221; scene_position=&#8221;center&#8221; text_color=&#8221;dark&#8221; text_align=&#8221;left&#8221; top_padding=&#8221;10&#8243; overlay_strength=&#8221;0.3&#8243;][vc_column column_padding=&#8221;no-extra-padding&#8221; column_padding_position=&#8221;all&#8221; background_color_opacity=&#8221;1&#8243; background_hover_color_opacity=&#8221;1&#8243; width=&#8221;1\/1&#8243; tablet_text_alignment=&#8221;default&#8221; phone_text_alignment=&#8221;default&#8221;][vc_column_text css=&#8221;.vc_custom_1596514227021{margin-bottom: 20px !important;border-top-width: 1px !important;border-right-width: 1px !important;border-bottom-width: 1px !important;border-left-width: 1px !important;padding-top: 15px !important;padding-right: 15px !important;padding-bottom: 15px !important;padding-left: 15px !important;border-left-color: #e8a4b7 !important;border-left-style: solid !important;border-right-color: #e8a4b7 !important;border-right-style: solid !important;border-top-color: #e8a4b7 !important;border-top-style: solid !important;border-bottom-color: #e8a4b7 !important;border-bottom-style: solid !important;}&#8221;]\n<h5>D-mai on the radio<\/h5>\n[\/vc_column_text][vc_column_text]\n<p style=\"text-align: justify;\"><a href=\"https:\/\/www.d-maiparis.com\/en\/d-mai-school-of-makeup\/houda-remita\/\">Houda Remita<\/a>,<span id=\"result_box\" class=\"\" lang=\"en\"><span class=\"\"> founder and director of D-mai makeup school, was invited to participate to <em>Grantanfi<\/em>, a France Culture magazine animated by Martin Quenehen.<\/span> <span class=\"\">She took part with Sophie Chassat, philosopher and blogger, Armelle Kaiser, pedagogical coordinator at ISIPCA Versailles and <a href=\"https:\/\/www.d-maiparis.com\/en\/d-mai-school-of-makeup\/instructors\/\">Dominique Paquet<\/a>, philosopher, author of &#8220;Miroir, mon beau miroir&#8221;.<\/span><\/span><\/p>\n[\/vc_column_text][\/vc_column][\/vc_row][vc_row type=&#8221;in_container&#8221; full_screen_row_position=&#8221;middle&#8221; scene_position=&#8221;center&#8221; text_color=&#8221;dark&#8221; text_align=&#8221;left&#8221; bottom_padding=&#8221;20&#8243; overlay_strength=&#8221;0.3&#8243;][vc_column centered_text=&#8221;true&#8221; column_padding=&#8221;no-extra-padding&#8221; column_padding_position=&#8221;all&#8221; background_color_opacity=&#8221;1&#8243; background_hover_color_opacity=&#8221;1&#8243; width=&#8221;1\/1&#8243; tablet_text_alignment=&#8221;default&#8221; phone_text_alignment=&#8221;default&#8221;][nectar_btn size=&#8221;large&#8221; open_new_tab=&#8221;true&#8221; button_style=&#8221;see-through-2&#8243; color_override=&#8221;#69aa72&#8243; hover_text_color_override=&#8221;#ffffff&#8221; icon_family=&#8221;none&#8221; url=&#8221;https:\/\/www.franceculture.fr\/emissions\/grantanfi-13-14\/lapprentissage-de-la-beaute&#8221; text=&#8221;Listen &#8220;][\/vc_column][\/vc_row]\n","protected":false},"excerpt":{"rendered":"<p>[vc_row type=&#8221;in_container&#8221; full_screen_row_position=&#8221;middle&#8221; bg_image=&#8221;2111&#8243; bg_position=&#8221;left top&#8221; bg_repeat=&#8221;no-repeat&#8221; scene_position=&#8221;center&#8221; text_color=&#8221;dark&#8221; text_align=&#8221;left&#8221; overlay_strength=&#8221;0.3&#8243;][vc_column column_padding=&#8221;no-extra-padding&#8221; column_padding_position=&#8221;top&#8221; background_color_opacity=&#8221;1&#8243; background_hover_color_opacity=&#8221;1&#8243; width=&#8221;1\/1&#8243; tablet_text_alignment=&#8221;default&#8221; phone_text_alignment=&#8221;default&#8221;][vc_column_text css=&#8221;.vc_custom_1596514101924{padding-top: 340px !important;}&#8221;][\/vc_column_text][\/vc_column][\/vc_row][vc_row type=&#8221;in_container&#8221; full_screen_row_position=&#8221;middle&#8221; scene_position=&#8221;center&#8221; text_color=&#8221;dark&#8221; text_align=&#8221;left&#8221; overlay_strength=&#8221;0.3&#8243;][vc_column column_padding=&#8221;no-extra-padding&#8221; column_padding_position=&#8221;top&#8221; background_color_opacity=&#8221;1&#8243;&#8230;<\/p>\n","protected":false},"author":1,"featured_media":2913,"parent":0,"menu_order":0,"comment_status":"closed","ping_status":"closed","template":"","meta":{"_acf_changed":false,"footnotes":""},"class_list":["post-1030","page","type-page","status-publish","has-post-thumbnail"],"acf":[],"yoast_head":"<!-- This site is optimized with the Yoast SEO plugin v27.3 - https:\/\/yoast.com\/product\/yoast-seo-wordpress\/ -->\n<title>D-mai, school of makeup - D-mai, \u00e9cole de maquillage<\/title>\n<meta name=\"robots\" content=\"index, follow, max-snippet:-1, max-image-preview:large, max-video-preview:-1\" \/>\n<link rel=\"canonical\" href=\"https:\/\/www.d-maiparis.com\/en\/d-mai-school-of-makeup\/\" \/>\n<meta property=\"og:locale\" content=\"en_US\" \/>\n<meta property=\"og:type\" content=\"article\" \/>\n<meta property=\"og:title\" content=\"D-mai, school of makeup - D-mai, \u00e9cole de maquillage\" \/>\n<meta property=\"og:description\" content=\"[vc_row type=&#8221;in_container&#8221; full_screen_row_position=&#8221;middle&#8221; bg_image=&#8221;2111&#8243; bg_position=&#8221;left top&#8221; bg_repeat=&#8221;no-repeat&#8221; scene_position=&#8221;center&#8221; text_color=&#8221;dark&#8221; text_align=&#8221;left&#8221; overlay_strength=&#8221;0.3&#8243;][vc_column column_padding=&#8221;no-extra-padding&#8221; column_padding_position=&#8221;top&#8221; background_color_opacity=&#8221;1&#8243; background_hover_color_opacity=&#8221;1&#8243; width=&#8221;1\/1&#8243; tablet_text_alignment=&#8221;default&#8221; phone_text_alignment=&#8221;default&#8221;][vc_column_text css=&#8221;.vc_custom_1596514101924{padding-top: 340px !important;}&#8221;][\/vc_column_text][\/vc_column][\/vc_row][vc_row type=&#8221;in_container&#8221; full_screen_row_position=&#8221;middle&#8221; scene_position=&#8221;center&#8221; text_color=&#8221;dark&#8221; text_align=&#8221;left&#8221; overlay_strength=&#8221;0.3&#8243;][vc_column column_padding=&#8221;no-extra-padding&#8221; column_padding_position=&#8221;top&#8221; background_color_opacity=&#8221;1&#8243;...\" \/>\n<meta property=\"og:url\" content=\"https:\/\/www.d-maiparis.com\/en\/d-mai-school-of-makeup\/\" \/>\n<meta property=\"og:site_name\" content=\"D-mai, \u00e9cole de maquillage\" \/>\n<meta property=\"article:publisher\" content=\"https:\/\/www.facebook.com\/D-MAI-Paris-Ecole-de-maquillage-471848922886199\/?fref=ts\" \/>\n<meta property=\"article:modified_time\" content=\"2021-01-07T15:31:32+00:00\" \/>\n<meta property=\"og:image\" content=\"https:\/\/www.d-maiparis.com\/wp-content\/uploads\/2016\/11\/lanvin-ss17-houda-remita.jpg\" \/>\n\t<meta property=\"og:image:width\" content=\"960\" \/>\n\t<meta property=\"og:image:height\" content=\"645\" \/>\n\t<meta property=\"og:image:type\" content=\"image\/jpeg\" \/>\n<meta name=\"twitter:card\" content=\"summary_large_image\" \/>\n<meta name=\"twitter:label1\" content=\"Est. reading time\" \/>\n\t<meta name=\"twitter:data1\" content=\"4 minutes\" \/>\n<script type=\"application\/ld+json\" class=\"yoast-schema-graph\">{\"@context\":\"https:\\\/\\\/schema.org\",\"@graph\":[{\"@type\":\"WebPage\",\"@id\":\"https:\\\/\\\/www.d-maiparis.com\\\/en\\\/d-mai-school-of-makeup\\\/\",\"url\":\"https:\\\/\\\/www.d-maiparis.com\\\/en\\\/d-mai-school-of-makeup\\\/\",\"name\":\"D-mai, school of makeup - D-mai, \u00e9cole de maquillage\",\"isPartOf\":{\"@id\":\"https:\\\/\\\/www.d-maiparis.com\\\/#website\"},\"primaryImageOfPage\":{\"@id\":\"https:\\\/\\\/www.d-maiparis.com\\\/en\\\/d-mai-school-of-makeup\\\/#primaryimage\"},\"image\":{\"@id\":\"https:\\\/\\\/www.d-maiparis.com\\\/en\\\/d-mai-school-of-makeup\\\/#primaryimage\"},\"thumbnailUrl\":\"https:\\\/\\\/www.d-maiparis.com\\\/wp-content\\\/uploads\\\/2016\\\/11\\\/lanvin-ss17-houda-remita.jpg\",\"datePublished\":\"2017-02-23T09:57:32+00:00\",\"dateModified\":\"2021-01-07T15:31:32+00:00\",\"breadcrumb\":{\"@id\":\"https:\\\/\\\/www.d-maiparis.com\\\/en\\\/d-mai-school-of-makeup\\\/#breadcrumb\"},\"inLanguage\":\"en-US\",\"potentialAction\":[{\"@type\":\"ReadAction\",\"target\":[\"https:\\\/\\\/www.d-maiparis.com\\\/en\\\/d-mai-school-of-makeup\\\/\"]}]},{\"@type\":\"ImageObject\",\"inLanguage\":\"en-US\",\"@id\":\"https:\\\/\\\/www.d-maiparis.com\\\/en\\\/d-mai-school-of-makeup\\\/#primaryimage\",\"url\":\"https:\\\/\\\/www.d-maiparis.com\\\/wp-content\\\/uploads\\\/2016\\\/11\\\/lanvin-ss17-houda-remita.jpg\",\"contentUrl\":\"https:\\\/\\\/www.d-maiparis.com\\\/wp-content\\\/uploads\\\/2016\\\/11\\\/lanvin-ss17-houda-remita.jpg\",\"width\":960,\"height\":645,\"caption\":\"Anciens \u00e9tudiants D-mai au d\u00e9fil\u00e9 Lanvin SS17. Maquillage Houda Remita.\"},{\"@type\":\"BreadcrumbList\",\"@id\":\"https:\\\/\\\/www.d-maiparis.com\\\/en\\\/d-mai-school-of-makeup\\\/#breadcrumb\",\"itemListElement\":[{\"@type\":\"ListItem\",\"position\":1,\"name\":\"Accueil\",\"item\":\"https:\\\/\\\/www.d-maiparis.com\\\/home\\\/\"},{\"@type\":\"ListItem\",\"position\":2,\"name\":\"D-mai, school of makeup &#8211; D-mai, \u00e9cole de maquillage\"}]},{\"@type\":\"WebSite\",\"@id\":\"https:\\\/\\\/www.d-maiparis.com\\\/#website\",\"url\":\"https:\\\/\\\/www.d-maiparis.com\\\/\",\"name\":\"D-mai, \u00e9cole de maquillage\",\"description\":\"Formation en maquillage professionnel\",\"potentialAction\":[{\"@type\":\"SearchAction\",\"target\":{\"@type\":\"EntryPoint\",\"urlTemplate\":\"https:\\\/\\\/www.d-maiparis.com\\\/?s={search_term_string}\"},\"query-input\":{\"@type\":\"PropertyValueSpecification\",\"valueRequired\":true,\"valueName\":\"search_term_string\"}}],\"inLanguage\":\"en-US\"}]}<\/script>\n<!-- \/ Yoast SEO plugin. -->","yoast_head_json":{"title":"D-mai, school of makeup - D-mai, \u00e9cole de maquillage","robots":{"index":"index","follow":"follow","max-snippet":"max-snippet:-1","max-image-preview":"max-image-preview:large","max-video-preview":"max-video-preview:-1"},"canonical":"https:\/\/www.d-maiparis.com\/en\/d-mai-school-of-makeup\/","og_locale":"en_US","og_type":"article","og_title":"D-mai, school of makeup - D-mai, \u00e9cole de maquillage","og_description":"[vc_row type=&#8221;in_container&#8221; full_screen_row_position=&#8221;middle&#8221; bg_image=&#8221;2111&#8243; bg_position=&#8221;left top&#8221; bg_repeat=&#8221;no-repeat&#8221; scene_position=&#8221;center&#8221; text_color=&#8221;dark&#8221; text_align=&#8221;left&#8221; overlay_strength=&#8221;0.3&#8243;][vc_column column_padding=&#8221;no-extra-padding&#8221; column_padding_position=&#8221;top&#8221; background_color_opacity=&#8221;1&#8243; background_hover_color_opacity=&#8221;1&#8243; width=&#8221;1\/1&#8243; tablet_text_alignment=&#8221;default&#8221; phone_text_alignment=&#8221;default&#8221;][vc_column_text css=&#8221;.vc_custom_1596514101924{padding-top: 340px !important;}&#8221;][\/vc_column_text][\/vc_column][\/vc_row][vc_row type=&#8221;in_container&#8221; full_screen_row_position=&#8221;middle&#8221; scene_position=&#8221;center&#8221; text_color=&#8221;dark&#8221; text_align=&#8221;left&#8221; overlay_strength=&#8221;0.3&#8243;][vc_column column_padding=&#8221;no-extra-padding&#8221; column_padding_position=&#8221;top&#8221; background_color_opacity=&#8221;1&#8243;...","og_url":"https:\/\/www.d-maiparis.com\/en\/d-mai-school-of-makeup\/","og_site_name":"D-mai, \u00e9cole de maquillage","article_publisher":"https:\/\/www.facebook.com\/D-MAI-Paris-Ecole-de-maquillage-471848922886199\/?fref=ts","article_modified_time":"2021-01-07T15:31:32+00:00","og_image":[{"width":960,"height":645,"url":"https:\/\/www.d-maiparis.com\/wp-content\/uploads\/2016\/11\/lanvin-ss17-houda-remita.jpg","type":"image\/jpeg"}],"twitter_card":"summary_large_image","twitter_misc":{"Est. reading time":"4 minutes"},"schema":{"@context":"https:\/\/schema.org","@graph":[{"@type":"WebPage","@id":"https:\/\/www.d-maiparis.com\/en\/d-mai-school-of-makeup\/","url":"https:\/\/www.d-maiparis.com\/en\/d-mai-school-of-makeup\/","name":"D-mai, school of makeup - D-mai, \u00e9cole de maquillage","isPartOf":{"@id":"https:\/\/www.d-maiparis.com\/#website"},"primaryImageOfPage":{"@id":"https:\/\/www.d-maiparis.com\/en\/d-mai-school-of-makeup\/#primaryimage"},"image":{"@id":"https:\/\/www.d-maiparis.com\/en\/d-mai-school-of-makeup\/#primaryimage"},"thumbnailUrl":"https:\/\/www.d-maiparis.com\/wp-content\/uploads\/2016\/11\/lanvin-ss17-houda-remita.jpg","datePublished":"2017-02-23T09:57:32+00:00","dateModified":"2021-01-07T15:31:32+00:00","breadcrumb":{"@id":"https:\/\/www.d-maiparis.com\/en\/d-mai-school-of-makeup\/#breadcrumb"},"inLanguage":"en-US","potentialAction":[{"@type":"ReadAction","target":["https:\/\/www.d-maiparis.com\/en\/d-mai-school-of-makeup\/"]}]},{"@type":"ImageObject","inLanguage":"en-US","@id":"https:\/\/www.d-maiparis.com\/en\/d-mai-school-of-makeup\/#primaryimage","url":"https:\/\/www.d-maiparis.com\/wp-content\/uploads\/2016\/11\/lanvin-ss17-houda-remita.jpg","contentUrl":"https:\/\/www.d-maiparis.com\/wp-content\/uploads\/2016\/11\/lanvin-ss17-houda-remita.jpg","width":960,"height":645,"caption":"Anciens \u00e9tudiants D-mai au d\u00e9fil\u00e9 Lanvin SS17. Maquillage Houda Remita."},{"@type":"BreadcrumbList","@id":"https:\/\/www.d-maiparis.com\/en\/d-mai-school-of-makeup\/#breadcrumb","itemListElement":[{"@type":"ListItem","position":1,"name":"Accueil","item":"https:\/\/www.d-maiparis.com\/home\/"},{"@type":"ListItem","position":2,"name":"D-mai, school of makeup &#8211; D-mai, \u00e9cole de maquillage"}]},{"@type":"WebSite","@id":"https:\/\/www.d-maiparis.com\/#website","url":"https:\/\/www.d-maiparis.com\/","name":"D-mai, \u00e9cole de maquillage","description":"Formation en maquillage professionnel","potentialAction":[{"@type":"SearchAction","target":{"@type":"EntryPoint","urlTemplate":"https:\/\/www.d-maiparis.com\/?s={search_term_string}"},"query-input":{"@type":"PropertyValueSpecification","valueRequired":true,"valueName":"search_term_string"}}],"inLanguage":"en-US"}]}},"_links":{"self":[{"href":"https:\/\/www.d-maiparis.com\/en\/wp-json\/wp\/v2\/pages\/1030","targetHints":{"allow":["GET"]}}],"collection":[{"href":"https:\/\/www.d-maiparis.com\/en\/wp-json\/wp\/v2\/pages"}],"about":[{"href":"https:\/\/www.d-maiparis.com\/en\/wp-json\/wp\/v2\/types\/page"}],"author":[{"embeddable":true,"href":"https:\/\/www.d-maiparis.com\/en\/wp-json\/wp\/v2\/users\/1"}],"replies":[{"embeddable":true,"href":"https:\/\/www.d-maiparis.com\/en\/wp-json\/wp\/v2\/comments?post=1030"}],"version-history":[{"count":0,"href":"https:\/\/www.d-maiparis.com\/en\/wp-json\/wp\/v2\/pages\/1030\/revisions"}],"wp:featuredmedia":[{"embeddable":true,"href":"https:\/\/www.d-maiparis.com\/en\/wp-json\/wp\/v2\/media\/2913"}],"wp:attachment":[{"href":"https:\/\/www.d-maiparis.com\/en\/wp-json\/wp\/v2\/media?parent=1030"}],"curies":[{"name":"wp","href":"https:\/\/api.w.org\/{rel}","templated":true}]}}