{"id":1032,"date":"2017-02-22T22:52:00","date_gmt":"2017-02-22T21:52:00","guid":{"rendered":"https:\/\/www.d-maiparis.com\/?page_id=1032\/"},"modified":"2023-03-08T17:43:07","modified_gmt":"2023-03-08T16:43:07","slug":"houda-remita","status":"publish","type":"page","link":"https:\/\/www.d-maiparis.com\/en\/d-mai-school-of-makeup\/houda-remita\/","title":{"rendered":"Houda Remita &#8211; D-mai, \u00e9cole de maquillage"},"content":{"rendered":"[vc_row type=&#8221;in_container&#8221; full_screen_row_position=&#8221;middle&#8221; bg_image=&#8221;2113&#8243; bg_position=&#8221;left top&#8221; bg_repeat=&#8221;no-repeat&#8221; scene_position=&#8221;center&#8221; text_color=&#8221;dark&#8221; text_align=&#8221;left&#8221; overlay_strength=&#8221;0.3&#8243;][vc_column column_padding=&#8221;no-extra-padding&#8221; column_padding_position=&#8221;all&#8221; background_color_opacity=&#8221;1&#8243; background_hover_color_opacity=&#8221;1&#8243; width=&#8221;1\/1&#8243; tablet_text_alignment=&#8221;default&#8221; phone_text_alignment=&#8221;default&#8221;][vc_column_text css=&#8221;.vc_custom_1596514371149{padding-top: 340px !important;}&#8221;][\/vc_column_text][\/vc_column][\/vc_row][vc_row type=&#8221;in_container&#8221; full_screen_row_position=&#8221;middle&#8221; scene_position=&#8221;center&#8221; text_color=&#8221;dark&#8221; text_align=&#8221;left&#8221; overlay_strength=&#8221;0.3&#8243;][vc_column column_padding=&#8221;no-extra-padding&#8221; column_padding_position=&#8221;all&#8221; background_color_opacity=&#8221;1&#8243; background_hover_color_opacity=&#8221;1&#8243; width=&#8221;1\/1&#8243; tablet_text_alignment=&#8221;default&#8221; phone_text_alignment=&#8221;default&#8221;][vc_column_text]\n<h1>Houda Remita, passionate about makeup art<\/h1>\n[\/vc_column_text][\/vc_column][\/vc_row][vc_row type=&#8221;in_container&#8221; full_screen_row_position=&#8221;middle&#8221; scene_position=&#8221;center&#8221; text_color=&#8221;dark&#8221; text_align=&#8221;left&#8221; overlay_strength=&#8221;0.3&#8243;][vc_column column_padding=&#8221;no-extra-padding&#8221; column_padding_position=&#8221;all&#8221; background_color_opacity=&#8221;1&#8243; background_hover_color_opacity=&#8221;1&#8243; width=&#8221;1\/1&#8243; tablet_text_alignment=&#8221;default&#8221; phone_text_alignment=&#8221;default&#8221;][vc_column_text]\n<h2><a href=\"http:\/\/www.opentalentparis.com\/talents\/houda-remita\">Houda Remita<\/a> discovered her love for Makeup around thirty years ago.<\/h2>\n[\/vc_column_text][\/vc_column][\/vc_row][vc_row type=&#8221;in_container&#8221; full_screen_row_position=&#8221;middle&#8221; scene_position=&#8221;center&#8221; text_color=&#8221;dark&#8221; text_align=&#8221;left&#8221; top_padding=&#8221;30&#8243; overlay_strength=&#8221;0.3&#8243;][vc_column column_padding=&#8221;no-extra-padding&#8221; column_padding_position=&#8221;all&#8221; background_color_opacity=&#8221;1&#8243; background_hover_color_opacity=&#8221;1&#8243; width=&#8221;1\/3&#8243; tablet_text_alignment=&#8221;default&#8221; phone_text_alignment=&#8221;default&#8221;][vc_column_text]\n<p style=\"text-align: justify;\">\n<style type=\"text\/css\">\n\t<!-- @page { margin: 2cm } P { margin-bottom: 0.21cm } --><br \/>\n<\/style>\n<\/p>\n<p style=\"text-align: justify;\">After an initial stint in hairstyling and aesthetics that allowed her to discern between the various aspects of the beauty industry, before eventually being steered towards a career path that allowed her to do what she liked most : plunging into the alchemy of powders and makeup, the dance with brushes and pencils, the endless play of colour and light on the skin. \u201cMakeup can recreate the full range of emotions,\u201d she says.<\/p>\n<p style=\"text-align: justify;\">She now works across the four corners of the earth encompassing the world of fashion, photographers and stylists from every country. Her expertise is called upon by the major <strong>magazines<\/strong> including Vogue Italy, Vogue Germany, Elle France, Marie Claire Italy, Glamour USA, and ID in England \u2026 She has leant her support during fashion shows produced by the leading couture houses such as Lanvin, Guy Laroche, Jean-Louis Scherrer, worked on advertising campaigns<\/p>\n[\/vc_column_text][\/vc_column][vc_column column_padding=&#8221;no-extra-padding&#8221; column_padding_position=&#8221;all&#8221; background_color_opacity=&#8221;1&#8243; background_hover_color_opacity=&#8221;1&#8243; width=&#8221;1\/3&#8243; tablet_text_alignment=&#8221;default&#8221; phone_text_alignment=&#8221;default&#8221;][vc_column_text]\n<p style=\"text-align: justify;\">\n<style type=\"text\/css\">\n\t<!-- @page { margin: 2cm } P { margin-bottom: 0.21cm } --><br \/>\n<\/style>\n<\/p>\n<p style=\"text-align: justify;\">for Dolce Gabbana, Dior, Banana Republic, Herm\u00e8s, Alberta Ferretti, Nike, Escada, les <strong>clips<\/strong> de Bjork, Julien Clerc, NTM, Khaled, V\u00e9ronique Sanson. Autres stars magnifi\u00e9es sous sa houppette : Isabelle Huppert, Emmanuelle B\u00e9art, Ludivine Sagnier, Marina Hands, L\u00e9a Seydoux, Venus Williams, Marina Abramovic \u2026<\/p>\n<p style=\"text-align: justify;\">She has enjoyed a blemish free career being the avid enthusiast and perfectionist all rolled into one. And amassed a wealth of professional experience which she now wishes to pass on: the year 2011 marks the opening of the <strong>Design Makeup Art Institute<\/strong> in Paris, a makeup school entirely fashioned in her colours and values. \u201cThis profession requires great adaptability, she explains. For the print media, for example, it is necessary to know how to adapt to each magazine\u2019s editorial policy: creating a chic and sexy woman for one, a rather athletic and more down to earth woman for another.<\/p>\n[\/vc_column_text][\/vc_column][vc_column column_padding=&#8221;no-extra-padding&#8221; column_padding_position=&#8221;all&#8221; background_color_opacity=&#8221;1&#8243; background_hover_color_opacity=&#8221;1&#8243; width=&#8221;1\/3&#8243; tablet_text_alignment=&#8221;default&#8221; phone_text_alignment=&#8221;default&#8221;][vc_column_text]\n<p style=\"text-align: justify;\">\n<style type=\"text\/css\">\n\t<!-- @page { margin: 2cm } P { margin-bottom: 0.21cm } A:link { so-language: zxx } --><br \/>\n<\/style>\n<\/p>\n<p style=\"text-align: justify;\">For fashion shows, it is all about blending into the themes chosen by the designers. The critical work on reference points is emphasised in our teaching, in order for students to learn how to sharpen their professional outlook.\u201d<\/p>\n<p style=\"text-align: justify;\">An approach based on <strong>Cultural Openness<\/strong>, always a source of creativity. <a href=\"https:\/\/www.wiseandtalented.com\/talents\/houda-remita\" target=\"_blank\">Houda Remita<\/a> is indeed very passionate about all forms of artistic expression: film, video art, painting, literature, dance, etc. The D-mai has a wonderful library where students can access and review various reference works on art and fashion, and even sociological and philosophical essays on beauty.<\/p>\n<p style=\"text-align: justify;\">According to Houda Remita, makeup, the art of the ephemeral and seduction, certainly merits detached objectivity and reflection.<\/p>\n[\/vc_column_text][\/vc_column][\/vc_row][vc_row type=&#8221;in_container&#8221; full_screen_row_position=&#8221;middle&#8221; scene_position=&#8221;center&#8221; text_color=&#8221;dark&#8221; text_align=&#8221;left&#8221; overlay_strength=&#8221;0.3&#8243;][vc_column column_padding=&#8221;padding-2-percent&#8221; column_padding_position=&#8221;top&#8221; background_color_opacity=&#8221;1&#8243; background_hover_color_opacity=&#8221;1&#8243; width=&#8221;1\/1&#8243; tablet_text_alignment=&#8221;default&#8221; phone_text_alignment=&#8221;default&#8221;][vc_column_text]\n<h3>Videos<\/h3>\n[\/vc_column_text][\/vc_column][\/vc_row][vc_row type=&#8221;in_container&#8221; full_screen_row_position=&#8221;middle&#8221; scene_position=&#8221;center&#8221; text_color=&#8221;dark&#8221; text_align=&#8221;left&#8221; overlay_strength=&#8221;0.3&#8243;][vc_column column_padding=&#8221;no-extra-padding&#8221; column_padding_position=&#8221;all&#8221; background_color_opacity=&#8221;1&#8243; background_hover_color_opacity=&#8221;1&#8243; width=&#8221;1\/2&#8243; tablet_text_alignment=&#8221;default&#8221; phone_text_alignment=&#8221;default&#8221;][vc_video link=&#8221;https:\/\/vimeo.com\/104242364&#8243;][vc_column_text]\n<div class=\"iris_desc-content description-content iris_desc--truncated iris_fader iris_fader--after iris_fader--absolute iris_fader--gray-2\" dir=\"auto\">\n<p class=\"first\">Karlie Kloss <a href=\"http:\/\/www.vogue.nl\/\">Vogue Netherlands<\/a> &#8211; Film &amp; Edit: <a href=\"http:\/\/michelleduijn.com\/\">Michelle Duijn<\/a><\/p>\n<\/div>\n[\/vc_column_text][\/vc_column][vc_column column_padding=&#8221;no-extra-padding&#8221; column_padding_position=&#8221;all&#8221; background_color_opacity=&#8221;1&#8243; background_hover_color_opacity=&#8221;1&#8243; width=&#8221;1\/2&#8243; tablet_text_alignment=&#8221;default&#8221; phone_text_alignment=&#8221;default&#8221;][vc_video link=&#8221;https:\/\/www.youtube.com\/watch?v=A1ojUsNt354&#8243;][vc_column_text css=&#8221;.vc_custom_1487800279770{margin-top: 0px !important;padding-top: 0px !important;}&#8221;]\n<div class=\"iris_desc-content description-content iris_desc--truncated iris_fader iris_fader--after iris_fader--absolute iris_fader--gray-2\" dir=\"auto\">\n<p class=\"first\">Portrait of <a href=\"http:\/\/kotobolofo.com\/\">Koto Bolofo<\/a> for <a href=\"http:\/\/www.vogue.de\">Vogue Germany<\/a><\/p>\n<\/div>\n[\/vc_column_text][\/vc_column][\/vc_row][vc_row type=&#8221;in_container&#8221; full_screen_row_position=&#8221;middle&#8221; scene_position=&#8221;center&#8221; text_color=&#8221;dark&#8221; text_align=&#8221;left&#8221; overlay_strength=&#8221;0.3&#8243;][vc_column column_padding=&#8221;padding-2-percent&#8221; column_padding_position=&#8221;top&#8221; background_color_opacity=&#8221;1&#8243; background_hover_color_opacity=&#8221;1&#8243; width=&#8221;1\/1&#8243; tablet_text_alignment=&#8221;default&#8221; phone_text_alignment=&#8221;default&#8221;][vc_column_text]\n<h3>Portfolio<\/h3>\n[\/vc_column_text][\/vc_column][\/vc_row][vc_row type=&#8221;in_container&#8221; full_screen_row_position=&#8221;middle&#8221; scene_position=&#8221;center&#8221; text_color=&#8221;dark&#8221; text_align=&#8221;left&#8221; overlay_strength=&#8221;0.3&#8243;][vc_column column_padding=&#8221;no-extra-padding&#8221; column_padding_position=&#8221;all&#8221; background_color_opacity=&#8221;1&#8243; background_hover_color_opacity=&#8221;1&#8243; bottom_margin=&#8221;50&#8243; width=&#8221;1\/1&#8243; tablet_text_alignment=&#8221;default&#8221; phone_text_alignment=&#8221;default&#8221;][vc_gallery type=&#8221;image_grid&#8221; images=&#8221;1561,1563,1562,949,951,27,201,1158,1414,959,26,907,905,29,30,200,203,194,193,965,558,1417,556,548,543,553,554,555,760,559,560,561&#8243; layout=&#8221;4&#8243; gallery_style=&#8221;3&#8243; load_in_animation=&#8221;none&#8221; img_size=&#8221;300&#215;300&#8243; css=&#8221;.vc_custom_1537804496292{padding-bottom: 50px !important;}&#8221;][\/vc_column][\/vc_row][vc_row type=&#8221;in_container&#8221; full_screen_row_position=&#8221;middle&#8221; scene_position=&#8221;center&#8221; text_color=&#8221;dark&#8221; text_align=&#8221;left&#8221; overlay_strength=&#8221;0.3&#8243;][vc_column column_padding=&#8221;no-extra-padding&#8221; column_padding_position=&#8221;all&#8221; background_color_opacity=&#8221;1&#8243; background_hover_color_opacity=&#8221;1&#8243; width=&#8221;1\/1&#8243; tablet_text_alignment=&#8221;default&#8221; phone_text_alignment=&#8221;default&#8221;][vc_column_text]\n<p><span style=\"border-radius: 2px; text-indent: 20px; width: auto; padding: 0px 4px 0px 0px; text-align: center; font: bold 11px\/20px 'Helvetica Neue',Helvetica,sans-serif; color: #ffffff; background: #bd081c no-repeat scroll 3px 50% \/ 14px 14px; position: absolute; opacity: 1; z-index: 8675309; display: none; cursor: pointer;\">Enregistrer<\/span><\/p>\n<p><span style=\"border-radius: 2px; text-indent: 20px; width: auto; padding: 0px 4px 0px 0px; text-align: center; font: bold 11px\/20px 'Helvetica Neue',Helvetica,sans-serif; color: #ffffff; background: #bd081c no-repeat scroll 3px 50% \/ 14px 14px; position: absolute; opacity: 1; z-index: 8675309; display: none; cursor: pointer;\">Enregistrer<\/span><\/p>\n<p><span style=\"border-radius: 2px; text-indent: 20px; width: auto; padding: 0px 4px 0px 0px; text-align: center; font: bold 11px\/20px 'Helvetica Neue',Helvetica,sans-serif; color: #ffffff; background: #bd081c no-repeat scroll 3px 50% \/ 14px 14px; position: absolute; opacity: 1; z-index: 8675309; display: none; cursor: pointer;\">Enregistrer<\/span>[\/vc_column_text][\/vc_column][\/vc_row]\n","protected":false},"excerpt":{"rendered":"<p>[vc_row type=&#8221;in_container&#8221; full_screen_row_position=&#8221;middle&#8221; bg_image=&#8221;2113&#8243; bg_position=&#8221;left top&#8221; bg_repeat=&#8221;no-repeat&#8221; scene_position=&#8221;center&#8221; text_color=&#8221;dark&#8221; text_align=&#8221;left&#8221; overlay_strength=&#8221;0.3&#8243;][vc_column column_padding=&#8221;no-extra-padding&#8221; column_padding_position=&#8221;all&#8221; background_color_opacity=&#8221;1&#8243; background_hover_color_opacity=&#8221;1&#8243; width=&#8221;1\/1&#8243; tablet_text_alignment=&#8221;default&#8221; phone_text_alignment=&#8221;default&#8221;][vc_column_text css=&#8221;.vc_custom_1596514371149{padding-top: 340px !important;}&#8221;][\/vc_column_text][\/vc_column][\/vc_row][vc_row type=&#8221;in_container&#8221; full_screen_row_position=&#8221;middle&#8221; scene_position=&#8221;center&#8221; text_color=&#8221;dark&#8221; text_align=&#8221;left&#8221; overlay_strength=&#8221;0.3&#8243;][vc_column column_padding=&#8221;no-extra-padding&#8221; column_padding_position=&#8221;all&#8221; background_color_opacity=&#8221;1&#8243;&#8230;<\/p>\n","protected":false},"author":1,"featured_media":3030,"parent":1030,"menu_order":0,"comment_status":"closed","ping_status":"closed","template":"","meta":{"_acf_changed":false,"footnotes":""},"class_list":["post-1032","page","type-page","status-publish","has-post-thumbnail"],"acf":[],"yoast_head":"<!-- This site is optimized with the Yoast SEO plugin v27.5 - https:\/\/yoast.com\/product\/yoast-seo-wordpress\/ -->\n<title>Houda Remita - D-mai, \u00e9cole de maquillage<\/title>\n<meta name=\"description\" content=\"Houda Remita, passionate about makeup art. Houda Remita discovered her love for Makeup around twenty years ago.\" \/>\n<meta name=\"robots\" content=\"index, follow, max-snippet:-1, max-image-preview:large, max-video-preview:-1\" \/>\n<link rel=\"canonical\" href=\"https:\/\/www.d-maiparis.com\/d-mai-school-of-makeup\/houda-remita\/\" \/>\n<meta property=\"og:locale\" content=\"en_US\" \/>\n<meta property=\"og:type\" content=\"article\" \/>\n<meta property=\"og:title\" content=\"Houda Remita - D-mai, \u00e9cole de maquillage\" \/>\n<meta property=\"og:description\" content=\"Houda Remita, passionate about makeup art. Houda Remita discovered her love for Makeup around twenty years ago.\" \/>\n<meta property=\"og:url\" content=\"https:\/\/www.d-maiparis.com\/d-mai-school-of-makeup\/houda-remita\/\" \/>\n<meta property=\"og:site_name\" content=\"D-mai, \u00e9cole de maquillage\" \/>\n<meta property=\"article:publisher\" content=\"https:\/\/www.facebook.com\/D-MAI-Paris-Ecole-de-maquillage-471848922886199\/?fref=ts\" \/>\n<meta property=\"article:modified_time\" content=\"2023-03-08T16:43:07+00:00\" \/>\n<meta property=\"og:image\" content=\"https:\/\/www.d-maiparis.com\/wp-content\/uploads\/2017\/01\/vogue-japon-alexandra-sophie-houda-remita.jpg\" \/>\n\t<meta property=\"og:image:width\" content=\"1600\" \/>\n\t<meta property=\"og:image:height\" content=\"1028\" \/>\n\t<meta property=\"og:image:type\" content=\"image\/jpeg\" \/>\n<meta name=\"twitter:card\" content=\"summary_large_image\" \/>\n<meta name=\"twitter:label1\" content=\"Est. reading time\" \/>\n\t<meta name=\"twitter:data1\" content=\"6 minutes\" \/>\n<script type=\"application\/ld+json\" class=\"yoast-schema-graph\">{\"@context\":\"https:\\\/\\\/schema.org\",\"@graph\":[{\"@type\":\"WebPage\",\"@id\":\"https:\\\/\\\/www.d-maiparis.com\\\/d-mai-school-of-makeup\\\/houda-remita\\\/\",\"url\":\"https:\\\/\\\/www.d-maiparis.com\\\/d-mai-school-of-makeup\\\/houda-remita\\\/\",\"name\":\"Houda Remita - D-mai, \u00e9cole de maquillage\",\"isPartOf\":{\"@id\":\"https:\\\/\\\/www.d-maiparis.com\\\/#website\"},\"primaryImageOfPage\":{\"@id\":\"https:\\\/\\\/www.d-maiparis.com\\\/d-mai-school-of-makeup\\\/houda-remita\\\/#primaryimage\"},\"image\":{\"@id\":\"https:\\\/\\\/www.d-maiparis.com\\\/d-mai-school-of-makeup\\\/houda-remita\\\/#primaryimage\"},\"thumbnailUrl\":\"https:\\\/\\\/www.d-maiparis.com\\\/wp-content\\\/uploads\\\/2017\\\/01\\\/vogue-japon-alexandra-sophie-houda-remita.jpg\",\"datePublished\":\"2017-02-22T21:52:00+00:00\",\"dateModified\":\"2023-03-08T16:43:07+00:00\",\"description\":\"Houda Remita, passionate about makeup art. Houda Remita discovered her love for Makeup around twenty years ago.\",\"breadcrumb\":{\"@id\":\"https:\\\/\\\/www.d-maiparis.com\\\/d-mai-school-of-makeup\\\/houda-remita\\\/#breadcrumb\"},\"inLanguage\":\"en-US\",\"potentialAction\":[{\"@type\":\"ReadAction\",\"target\":[\"https:\\\/\\\/www.d-maiparis.com\\\/d-mai-school-of-makeup\\\/houda-remita\\\/\"]}]},{\"@type\":\"ImageObject\",\"inLanguage\":\"en-US\",\"@id\":\"https:\\\/\\\/www.d-maiparis.com\\\/d-mai-school-of-makeup\\\/houda-remita\\\/#primaryimage\",\"url\":\"https:\\\/\\\/www.d-maiparis.com\\\/wp-content\\\/uploads\\\/2017\\\/01\\\/vogue-japon-alexandra-sophie-houda-remita.jpg\",\"contentUrl\":\"https:\\\/\\\/www.d-maiparis.com\\\/wp-content\\\/uploads\\\/2017\\\/01\\\/vogue-japon-alexandra-sophie-houda-remita.jpg\",\"width\":1600,\"height\":1028,\"caption\":\"Vogue Japon. Photo: Alexandra Sophie - Makeup: Houda Remita pour D-mai Paris, \u00e9cole de maquillage\"},{\"@type\":\"BreadcrumbList\",\"@id\":\"https:\\\/\\\/www.d-maiparis.com\\\/d-mai-school-of-makeup\\\/houda-remita\\\/#breadcrumb\",\"itemListElement\":[{\"@type\":\"ListItem\",\"position\":1,\"name\":\"Accueil\",\"item\":\"https:\\\/\\\/www.d-maiparis.com\\\/home\\\/\"},{\"@type\":\"ListItem\",\"position\":2,\"name\":\"D-mai, school of makeup &#8211; D-mai, \u00e9cole de maquillage\",\"item\":\"https:\\\/\\\/www.d-maiparis.com\\\/en\\\/d-mai-school-of-makeup\\\/\"},{\"@type\":\"ListItem\",\"position\":3,\"name\":\"Houda Remita &#8211; D-mai, \u00e9cole de maquillage\"}]},{\"@type\":\"WebSite\",\"@id\":\"https:\\\/\\\/www.d-maiparis.com\\\/#website\",\"url\":\"https:\\\/\\\/www.d-maiparis.com\\\/\",\"name\":\"D-mai, \u00e9cole de maquillage\",\"description\":\"Formation en maquillage professionnel\",\"potentialAction\":[{\"@type\":\"SearchAction\",\"target\":{\"@type\":\"EntryPoint\",\"urlTemplate\":\"https:\\\/\\\/www.d-maiparis.com\\\/?s={search_term_string}\"},\"query-input\":{\"@type\":\"PropertyValueSpecification\",\"valueRequired\":true,\"valueName\":\"search_term_string\"}}],\"inLanguage\":\"en-US\"}]}<\/script>\n<!-- \/ Yoast SEO plugin. -->","yoast_head_json":{"title":"Houda Remita - D-mai, \u00e9cole de maquillage","description":"Houda Remita, passionate about makeup art. Houda Remita discovered her love for Makeup around twenty years ago.","robots":{"index":"index","follow":"follow","max-snippet":"max-snippet:-1","max-image-preview":"max-image-preview:large","max-video-preview":"max-video-preview:-1"},"canonical":"https:\/\/www.d-maiparis.com\/d-mai-school-of-makeup\/houda-remita\/","og_locale":"en_US","og_type":"article","og_title":"Houda Remita - D-mai, \u00e9cole de maquillage","og_description":"Houda Remita, passionate about makeup art. Houda Remita discovered her love for Makeup around twenty years ago.","og_url":"https:\/\/www.d-maiparis.com\/d-mai-school-of-makeup\/houda-remita\/","og_site_name":"D-mai, \u00e9cole de maquillage","article_publisher":"https:\/\/www.facebook.com\/D-MAI-Paris-Ecole-de-maquillage-471848922886199\/?fref=ts","article_modified_time":"2023-03-08T16:43:07+00:00","og_image":[{"width":1600,"height":1028,"url":"https:\/\/www.d-maiparis.com\/wp-content\/uploads\/2017\/01\/vogue-japon-alexandra-sophie-houda-remita.jpg","type":"image\/jpeg"}],"twitter_card":"summary_large_image","twitter_misc":{"Est. reading time":"6 minutes"},"schema":{"@context":"https:\/\/schema.org","@graph":[{"@type":"WebPage","@id":"https:\/\/www.d-maiparis.com\/d-mai-school-of-makeup\/houda-remita\/","url":"https:\/\/www.d-maiparis.com\/d-mai-school-of-makeup\/houda-remita\/","name":"Houda Remita - D-mai, \u00e9cole de maquillage","isPartOf":{"@id":"https:\/\/www.d-maiparis.com\/#website"},"primaryImageOfPage":{"@id":"https:\/\/www.d-maiparis.com\/d-mai-school-of-makeup\/houda-remita\/#primaryimage"},"image":{"@id":"https:\/\/www.d-maiparis.com\/d-mai-school-of-makeup\/houda-remita\/#primaryimage"},"thumbnailUrl":"https:\/\/www.d-maiparis.com\/wp-content\/uploads\/2017\/01\/vogue-japon-alexandra-sophie-houda-remita.jpg","datePublished":"2017-02-22T21:52:00+00:00","dateModified":"2023-03-08T16:43:07+00:00","description":"Houda Remita, passionate about makeup art. Houda Remita discovered her love for Makeup around twenty years ago.","breadcrumb":{"@id":"https:\/\/www.d-maiparis.com\/d-mai-school-of-makeup\/houda-remita\/#breadcrumb"},"inLanguage":"en-US","potentialAction":[{"@type":"ReadAction","target":["https:\/\/www.d-maiparis.com\/d-mai-school-of-makeup\/houda-remita\/"]}]},{"@type":"ImageObject","inLanguage":"en-US","@id":"https:\/\/www.d-maiparis.com\/d-mai-school-of-makeup\/houda-remita\/#primaryimage","url":"https:\/\/www.d-maiparis.com\/wp-content\/uploads\/2017\/01\/vogue-japon-alexandra-sophie-houda-remita.jpg","contentUrl":"https:\/\/www.d-maiparis.com\/wp-content\/uploads\/2017\/01\/vogue-japon-alexandra-sophie-houda-remita.jpg","width":1600,"height":1028,"caption":"Vogue Japon. Photo: Alexandra Sophie - Makeup: Houda Remita pour D-mai Paris, \u00e9cole de maquillage"},{"@type":"BreadcrumbList","@id":"https:\/\/www.d-maiparis.com\/d-mai-school-of-makeup\/houda-remita\/#breadcrumb","itemListElement":[{"@type":"ListItem","position":1,"name":"Accueil","item":"https:\/\/www.d-maiparis.com\/home\/"},{"@type":"ListItem","position":2,"name":"D-mai, school of makeup &#8211; D-mai, \u00e9cole de maquillage","item":"https:\/\/www.d-maiparis.com\/en\/d-mai-school-of-makeup\/"},{"@type":"ListItem","position":3,"name":"Houda Remita &#8211; D-mai, \u00e9cole de maquillage"}]},{"@type":"WebSite","@id":"https:\/\/www.d-maiparis.com\/#website","url":"https:\/\/www.d-maiparis.com\/","name":"D-mai, \u00e9cole de maquillage","description":"Formation en maquillage professionnel","potentialAction":[{"@type":"SearchAction","target":{"@type":"EntryPoint","urlTemplate":"https:\/\/www.d-maiparis.com\/?s={search_term_string}"},"query-input":{"@type":"PropertyValueSpecification","valueRequired":true,"valueName":"search_term_string"}}],"inLanguage":"en-US"}]}},"_links":{"self":[{"href":"https:\/\/www.d-maiparis.com\/en\/wp-json\/wp\/v2\/pages\/1032","targetHints":{"allow":["GET"]}}],"collection":[{"href":"https:\/\/www.d-maiparis.com\/en\/wp-json\/wp\/v2\/pages"}],"about":[{"href":"https:\/\/www.d-maiparis.com\/en\/wp-json\/wp\/v2\/types\/page"}],"author":[{"embeddable":true,"href":"https:\/\/www.d-maiparis.com\/en\/wp-json\/wp\/v2\/users\/1"}],"replies":[{"embeddable":true,"href":"https:\/\/www.d-maiparis.com\/en\/wp-json\/wp\/v2\/comments?post=1032"}],"version-history":[{"count":0,"href":"https:\/\/www.d-maiparis.com\/en\/wp-json\/wp\/v2\/pages\/1032\/revisions"}],"up":[{"embeddable":true,"href":"https:\/\/www.d-maiparis.com\/en\/wp-json\/wp\/v2\/pages\/1030"}],"wp:featuredmedia":[{"embeddable":true,"href":"https:\/\/www.d-maiparis.com\/en\/wp-json\/wp\/v2\/media\/3030"}],"wp:attachment":[{"href":"https:\/\/www.d-maiparis.com\/en\/wp-json\/wp\/v2\/media?parent=1032"}],"curies":[{"name":"wp","href":"https:\/\/api.w.org\/{rel}","templated":true}]}}